{"id":326,"date":"2025-07-30T10:24:46","date_gmt":"2025-07-30T13:24:46","guid":{"rendered":"https:\/\/weconsulthr.com.br\/?page_id=326"},"modified":"2025-10-17T16:53:26","modified_gmt":"2025-10-17T19:53:26","slug":"contato","status":"publish","type":"page","link":"https:\/\/weconsulthr.com.br\/es\/contato\/","title":{"rendered":"Contato"},"content":{"rendered":"<div data-elementor-type=\"wp-page\" data-elementor-id=\"326\" class=\"elementor elementor-326\">\n\t\t\t\t<div class=\"elementor-element elementor-element-9c2832c e-flex e-con-boxed e-con e-parent\" data-id=\"9c2832c\" data-element_type=\"container\" data-settings=\"{&quot;background_background&quot;:&quot;classic&quot;}\">\n\t\t\t\t\t<div class=\"e-con-inner\">\n\t\t\t\t<div class=\"elementor-element elementor-element-86226e8 elementor-widget elementor-widget-heading\" data-id=\"86226e8\" data-element_type=\"widget\" data-widget_type=\"heading.default\">\n\t\t\t\t<div class=\"elementor-widget-container\">\n\t\t\t\t\t<h3 class=\"elementor-heading-title elementor-size-default\">contato<\/h3>\t\t\t\t<\/div>\n\t\t\t\t<\/div>\n\t\t\t\t<div class=\"elementor-element elementor-element-66d2a8f elementor-widget__width-initial elementor-widget elementor-widget-heading\" data-id=\"66d2a8f\" data-element_type=\"widget\" data-widget_type=\"heading.default\">\n\t\t\t\t<div class=\"elementor-widget-container\">\n\t\t\t\t\t<h2 class=\"elementor-heading-title elementor-size-default\">Entre em contato conosco\n<\/h2>\t\t\t\t<\/div>\n\t\t\t\t<\/div>\n\t\t\t\t<div class=\"elementor-element elementor-element-23abcf8 elementor-widget elementor-widget-text-editor\" data-id=\"23abcf8\" data-element_type=\"widget\" data-widget_type=\"text-editor.default\">\n\t\t\t\t<div class=\"elementor-widget-container\">\n\t\t\t\t\t\t\t\t\t<p>Fale com nossa equipe<\/p>\t\t\t\t\t\t\t\t<\/div>\n\t\t\t\t<\/div>\n\t\t\t\t<div class=\"elementor-element elementor-element-374c4ee elementor-view-default elementor-widget elementor-widget-icon\" data-id=\"374c4ee\" data-element_type=\"widget\" data-widget_type=\"icon.default\">\n\t\t\t\t<div class=\"elementor-widget-container\">\n\t\t\t\t\t\t\t<div class=\"elementor-icon-wrapper\">\n\t\t\t<a class=\"elementor-icon\" href=\"#conversar\">\n\t\t\t<svg xmlns=\"http:\/\/www.w3.org\/2000\/svg\" width=\"68\" height=\"27\" viewbox=\"0 0 68 27\" fill=\"none\"><path d=\"M1 0.999994L34 26L67 1\" stroke=\"#CD8D0A\" stroke-width=\"2\" stroke-linecap=\"round\" stroke-linejoin=\"round\"><\/path><\/svg>\t\t\t<\/a>\n\t\t<\/div>\n\t\t\t\t\t\t<\/div>\n\t\t\t\t<\/div>\n\t\t\t\t\t<\/div>\n\t\t\t\t<\/div>\n\t\t<div class=\"elementor-element elementor-element-8b5ec68 e-flex e-con-boxed e-con e-parent\" data-id=\"8b5ec68\" data-element_type=\"container\" data-settings=\"{&quot;background_background&quot;:&quot;classic&quot;}\">\n\t\t\t\t\t<div class=\"e-con-inner\">\n\t\t<div class=\"elementor-element elementor-element-bd6cc99 e-con-full e-flex e-con e-child\" data-id=\"bd6cc99\" data-element_type=\"container\" id=\"conversar\">\n\t\t<div class=\"elementor-element elementor-element-992a1b6 e-con-full e-flex e-con e-child\" data-id=\"992a1b6\" data-element_type=\"container\">\n\t\t\t\t<div class=\"elementor-element elementor-element-9892dc9 elementor-widget__width-initial elementor-widget-widescreen__width-initial elementor-widget-mobile__width-initial elementor-widget elementor-widget-heading\" data-id=\"9892dc9\" data-element_type=\"widget\" data-widget_type=\"heading.default\">\n\t\t\t\t<div class=\"elementor-widget-container\">\n\t\t\t\t\t<h1 class=\"elementor-heading-title elementor-size-default\">NR1 Consultoria<\/h1>\t\t\t\t<\/div>\n\t\t\t\t<\/div>\n\t\t\t\t<div class=\"elementor-element elementor-element-8b2f971 elementor-widget-widescreen__width-initial elementor-hidden-mobile elementor-widget elementor-widget-heading\" data-id=\"8b2f971\" data-element_type=\"widget\" data-widget_type=\"heading.default\">\n\t\t\t\t<div class=\"elementor-widget-container\">\n\t\t\t\t\t<h2 class=\"elementor-heading-title elementor-size-default\">| Assessment | Mentoria | Coaching | F.O.S.<\/h2>\t\t\t\t<\/div>\n\t\t\t\t<\/div>\n\t\t\t\t<div class=\"elementor-element elementor-element-6a7c4ef elementor-widget-widescreen__width-initial elementor-hidden-widescreen elementor-hidden-desktop elementor-hidden-tablet elementor-widget elementor-widget-heading\" data-id=\"6a7c4ef\" data-element_type=\"widget\" data-widget_type=\"heading.default\">\n\t\t\t\t<div class=\"elementor-widget-container\">\n\t\t\t\t\t<h2 class=\"elementor-heading-title elementor-size-default\">| Assessment |<\/h2>\t\t\t\t<\/div>\n\t\t\t\t<\/div>\n\t\t\t\t<\/div>\n\t\t\t\t<div class=\"elementor-element elementor-element-65fa31e elementor-widget-widescreen__width-initial elementor-hidden-widescreen elementor-hidden-desktop elementor-hidden-tablet elementor-widget elementor-widget-heading\" data-id=\"65fa31e\" data-element_type=\"widget\" data-widget_type=\"heading.default\">\n\t\t\t\t<div class=\"elementor-widget-container\">\n\t\t\t\t\t<h2 class=\"elementor-heading-title elementor-size-default\">Mentoria | Coaching | F.O.S. | Targeted Selection | Solu\u00e7\u00f5es Personalizadas<\/h2>\t\t\t\t<\/div>\n\t\t\t\t<\/div>\n\t\t\t\t<div class=\"elementor-element elementor-element-a5a9578 elementor-widget-widescreen__width-initial elementor-hidden-mobile elementor-widget elementor-widget-heading\" data-id=\"a5a9578\" data-element_type=\"widget\" data-widget_type=\"heading.default\">\n\t\t\t\t<div class=\"elementor-widget-container\">\n\t\t\t\t\t<h2 class=\"elementor-heading-title elementor-size-default\">Targeted Selection | Solu\u00e7\u00f5es Personalizadas<\/h2>\t\t\t\t<\/div>\n\t\t\t\t<\/div>\n\t\t\t\t<div class=\"elementor-element elementor-element-77923e2 elementor-widget elementor-widget-text-editor\" data-id=\"77923e2\" data-element_type=\"widget\" data-widget_type=\"text-editor.default\">\n\t\t\t\t<div class=\"elementor-widget-container\">\n\t\t\t\t\t\t\t\t\t<p>Vamos conversar<\/p>\t\t\t\t\t\t\t\t<\/div>\n\t\t\t\t<\/div>\n\t\t\t\t<div class=\"elementor-element elementor-element-9ed499a elementor-widget-tablet__width-initial elementor-widget-mobile__width-inherit elementor-widget__width-initial elementor-widget elementor-widget-text-editor\" data-id=\"9ed499a\" data-element_type=\"widget\" data-widget_type=\"text-editor.default\">\n\t\t\t\t<div class=\"elementor-widget-container\">\n\t\t\t\t\t\t\t\t\t<p>Preencha o formul\u00e1rio para descobrir como a We Consult HR pode apoiar voc\u00ea e sua empresa na gest\u00e3o de pessoas e desenvolvimento organizacional.<\/p>\t\t\t\t\t\t\t\t<\/div>\n\t\t\t\t<\/div>\n\t\t<div class=\"elementor-element elementor-element-b0159cf e-con-full e-flex e-con e-child\" data-id=\"b0159cf\" data-element_type=\"container\">\n\t\t\t\t<div class=\"elementor-element elementor-element-da894c2 elementor-view-default elementor-widget elementor-widget-icon\" data-id=\"da894c2\" data-element_type=\"widget\" data-widget_type=\"icon.default\">\n\t\t\t\t<div class=\"elementor-widget-container\">\n\t\t\t\t\t\t\t<div class=\"elementor-icon-wrapper\">\n\t\t\t<div class=\"elementor-icon\">\n\t\t\t<i aria-hidden=\"true\" class=\"fab fa-whatsapp\"><\/i>\t\t\t<\/div>\n\t\t<\/div>\n\t\t\t\t\t\t<\/div>\n\t\t\t\t<\/div>\n\t\t<div class=\"elementor-element elementor-element-f211453 e-con-full e-flex e-con e-child\" data-id=\"f211453\" data-element_type=\"container\">\n\t\t\t\t<div class=\"elementor-element elementor-element-71cc6cb elementor-icon-list--layout-traditional elementor-list-item-link-full_width elementor-widget elementor-widget-icon-list\" data-id=\"71cc6cb\" data-element_type=\"widget\" data-widget_type=\"icon-list.default\">\n\t\t\t\t<div class=\"elementor-widget-container\">\n\t\t\t\t\t\t\t<ul class=\"elementor-icon-list-items\">\n\t\t\t\t\t\t\t<li class=\"elementor-icon-list-item\">\n\t\t\t\t\t\t\t\t\t\t<span class=\"elementor-icon-list-text\">(11) 99974-5428<\/span>\n\t\t\t\t\t\t\t\t\t<\/li>\n\t\t\t\t\t\t<\/ul>\n\t\t\t\t\t\t<\/div>\n\t\t\t\t<\/div>\n\t\t\t\t<\/div>\n\t\t\t\t<\/div>\n\t\t<div class=\"elementor-element elementor-element-659e0ed e-con-full e-flex e-con e-child\" data-id=\"659e0ed\" data-element_type=\"container\">\n\t\t\t\t<div class=\"elementor-element elementor-element-78d2d5e elementor-view-default elementor-widget elementor-widget-icon\" data-id=\"78d2d5e\" data-element_type=\"widget\" data-widget_type=\"icon.default\">\n\t\t\t\t<div class=\"elementor-widget-container\">\n\t\t\t\t\t\t\t<div class=\"elementor-icon-wrapper\">\n\t\t\t<div class=\"elementor-icon\">\n\t\t\t<svg xmlns=\"http:\/\/www.w3.org\/2000\/svg\" width=\"53\" height=\"53\" viewbox=\"0 0 53 53\" fill=\"none\"><rect width=\"52.5\" height=\"52.5\" rx=\"11.3514\" fill=\"#FBF6E4\"><\/rect><path d=\"M21.75 21V19C21.75 18.4696 21.9607 17.9609 22.3358 17.5858C22.7109 17.2107 23.2196 17 23.75 17H27.75C28.2804 17 28.7891 17.2107 29.1642 17.5858C29.5393 17.9609 29.75 18.4696 29.75 19V21M25.75 26V26.01M16.75 27C19.5416 28.4067 22.624 29.1394 25.75 29.1394C28.876 29.1394 31.9584 28.4067 34.75 27M16.75 23C16.75 22.4696 16.9607 21.9609 17.3358 21.5858C17.7109 21.2107 18.2196 21 18.75 21H32.75C33.2804 21 33.7891 21.2107 34.1642 21.5858C34.5393 21.9609 34.75 22.4696 34.75 23V32C34.75 32.5304 34.5393 33.0391 34.1642 33.4142C33.7891 33.7893 33.2804 34 32.75 34H18.75C18.2196 34 17.7109 33.7893 17.3358 33.4142C16.9607 33.0391 16.75 32.5304 16.75 32V23Z\" stroke=\"#043B59\" stroke-width=\"2\" stroke-linecap=\"round\" stroke-linejoin=\"round\"><\/path><\/svg>\t\t\t<\/div>\n\t\t<\/div>\n\t\t\t\t\t\t<\/div>\n\t\t\t\t<\/div>\n\t\t<div class=\"elementor-element elementor-element-850a896 e-con-full e-flex e-con e-child\" data-id=\"850a896\" data-element_type=\"container\">\n\t\t\t\t<div class=\"elementor-element elementor-element-092587a elementor-icon-list--layout-traditional elementor-list-item-link-full_width elementor-widget elementor-widget-icon-list\" data-id=\"092587a\" data-element_type=\"widget\" data-widget_type=\"icon-list.default\">\n\t\t\t\t<div class=\"elementor-widget-container\">\n\t\t\t\t\t\t\t<ul class=\"elementor-icon-list-items\">\n\t\t\t\t\t\t\t<li class=\"elementor-icon-list-item\">\n\t\t\t\t\t\t\t\t\t\t<span class=\"elementor-icon-list-text\">thatiana@weconsulthr.com.br<\/span>\n\t\t\t\t\t\t\t\t\t<\/li>\n\t\t\t\t\t\t\t\t<li class=\"elementor-icon-list-item\">\n\t\t\t\t\t\t\t\t\t\t<span class=\"elementor-icon-list-text\">emerich@weconsulthr.com.br<\/span>\n\t\t\t\t\t\t\t\t\t<\/li>\n\t\t\t\t\t\t\t\t<li class=\"elementor-icon-list-item\">\n\t\t\t\t\t\t\t\t\t\t<span class=\"elementor-icon-list-text\">contato@weconsulthr.com.br<\/span>\n\t\t\t\t\t\t\t\t\t<\/li>\n\t\t\t\t\t\t<\/ul>\n\t\t\t\t\t\t<\/div>\n\t\t\t\t<\/div>\n\t\t\t\t<\/div>\n\t\t\t\t<\/div>\n\t\t\t\t<\/div>\n\t\t\t\t\t<\/div>\n\t\t\t\t<\/div>\n\t\t\t\t<\/div>","protected":false},"excerpt":{"rendered":"<p>contato Entre em contato conosco Fale com nossa equipe NR1 Consultoria | Assessment | Mentoria | Coaching | F.O.S. | Assessment | Mentoria | Coaching | F.O.S. | Targeted Selection | Solu\u00e7\u00f5es Personalizadas Targeted Selection | Solu\u00e7\u00f5es Personalizadas Vamos conversar Preencha o formul\u00e1rio para descobrir como a We Consult HR pode apoiar voc\u00ea e sua [&hellip;]<\/p>\n","protected":false},"author":4007,"featured_media":0,"parent":0,"menu_order":0,"comment_status":"closed","ping_status":"closed","template":"","meta":{"footnotes":""},"class_list":["post-326","page","type-page","status-publish","hentry"],"yoast_head":"<!-- This site is optimized with the Yoast SEO plugin v27.3 - https:\/\/yoast.com\/product\/yoast-seo-wordpress\/ -->\n<title>NR1 consultoria | WeConsultHR<\/title>\n<meta name=\"description\" content=\"Fale conosco e descubra como a WeConsultHR pode apoiar voc\u00ea e sua empresa na gest\u00e3o de pessoas e no desenvolvimento organizacional.\" \/>\n<meta name=\"robots\" content=\"index, follow, max-snippet:-1, max-image-preview:large, max-video-preview:-1\" \/>\n<link rel=\"canonical\" href=\"https:\/\/weconsulthr.com.br\/es\/contato\/\" \/>\n<meta property=\"og:locale\" content=\"es_ES\" \/>\n<meta property=\"og:type\" content=\"article\" \/>\n<meta property=\"og:title\" content=\"NR1 consultoria | WeConsultHR\" \/>\n<meta property=\"og:description\" content=\"Fale conosco e descubra como a WeConsultHR pode apoiar voc\u00ea e sua empresa na gest\u00e3o de pessoas e no desenvolvimento organizacional.\" \/>\n<meta property=\"og:url\" content=\"https:\/\/weconsulthr.com.br\/es\/contato\/\" \/>\n<meta property=\"og:site_name\" content=\"WeConsultHR\" \/>\n<meta property=\"article:modified_time\" content=\"2025-10-17T19:53:26+00:00\" \/>\n<meta property=\"og:image\" content=\"https:\/\/weconsulthr.com.br\/wp-content\/uploads\/2025\/08\/consultoria-de-rh.jpg\" \/>\n\t<meta property=\"og:image:width\" content=\"1200\" \/>\n\t<meta property=\"og:image:height\" content=\"628\" \/>\n\t<meta property=\"og:image:type\" content=\"image\/jpeg\" \/>\n<meta name=\"twitter:card\" content=\"summary_large_image\" \/>\n<meta name=\"twitter:label1\" content=\"Tiempo de lectura\" \/>\n\t<meta name=\"twitter:data1\" content=\"1 minuto\" \/>\n<script type=\"application\/ld+json\" class=\"yoast-schema-graph\">{\"@context\":\"https:\\\/\\\/schema.org\",\"@graph\":[{\"@type\":\"WebPage\",\"@id\":\"https:\\\/\\\/weconsulthr.com.br\\\/contato\\\/\",\"url\":\"https:\\\/\\\/weconsulthr.com.br\\\/contato\\\/\",\"name\":\"NR1 consultoria | WeConsultHR\",\"isPartOf\":{\"@id\":\"https:\\\/\\\/weconsulthr.com.br\\\/#website\"},\"datePublished\":\"2025-07-30T13:24:46+00:00\",\"dateModified\":\"2025-10-17T19:53:26+00:00\",\"description\":\"Fale conosco e descubra como a WeConsultHR pode apoiar voc\u00ea e sua empresa na gest\u00e3o de pessoas e no desenvolvimento organizacional.\",\"breadcrumb\":{\"@id\":\"https:\\\/\\\/weconsulthr.com.br\\\/contato\\\/#breadcrumb\"},\"inLanguage\":\"es\",\"potentialAction\":[{\"@type\":\"ReadAction\",\"target\":[\"https:\\\/\\\/weconsulthr.com.br\\\/contato\\\/\"]}]},{\"@type\":\"BreadcrumbList\",\"@id\":\"https:\\\/\\\/weconsulthr.com.br\\\/contato\\\/#breadcrumb\",\"itemListElement\":[{\"@type\":\"ListItem\",\"position\":1,\"name\":\"In\u00edcio\",\"item\":\"https:\\\/\\\/weconsulthr.com.br\\\/\"},{\"@type\":\"ListItem\",\"position\":2,\"name\":\"Contato\"}]},{\"@type\":\"WebSite\",\"@id\":\"https:\\\/\\\/weconsulthr.com.br\\\/#website\",\"url\":\"https:\\\/\\\/weconsulthr.com.br\\\/\",\"name\":\"WeConsultHR\",\"description\":\"\",\"potentialAction\":[{\"@type\":\"SearchAction\",\"target\":{\"@type\":\"EntryPoint\",\"urlTemplate\":\"https:\\\/\\\/weconsulthr.com.br\\\/?s={search_term_string}\"},\"query-input\":{\"@type\":\"PropertyValueSpecification\",\"valueRequired\":true,\"valueName\":\"search_term_string\"}}],\"inLanguage\":\"es\"}]}<\/script>\n<!-- \/ Yoast SEO plugin. -->","yoast_head_json":{"title":"NR1 consultoria | WeConsultHR","description":"Fale conosco e descubra como a WeConsultHR pode apoiar voc\u00ea e sua empresa na gest\u00e3o de pessoas e no desenvolvimento organizacional.","robots":{"index":"index","follow":"follow","max-snippet":"max-snippet:-1","max-image-preview":"max-image-preview:large","max-video-preview":"max-video-preview:-1"},"canonical":"https:\/\/weconsulthr.com.br\/es\/contato\/","og_locale":"es_ES","og_type":"article","og_title":"NR1 consultoria | WeConsultHR","og_description":"Fale conosco e descubra como a WeConsultHR pode apoiar voc\u00ea e sua empresa na gest\u00e3o de pessoas e no desenvolvimento organizacional.","og_url":"https:\/\/weconsulthr.com.br\/es\/contato\/","og_site_name":"WeConsultHR","article_modified_time":"2025-10-17T19:53:26+00:00","og_image":[{"width":1200,"height":628,"url":"https:\/\/weconsulthr.com.br\/wp-content\/uploads\/2025\/08\/consultoria-de-rh.jpg","type":"image\/jpeg"}],"twitter_card":"summary_large_image","twitter_misc":{"Tiempo de lectura":"1 minuto"},"schema":{"@context":"https:\/\/schema.org","@graph":[{"@type":"WebPage","@id":"https:\/\/weconsulthr.com.br\/contato\/","url":"https:\/\/weconsulthr.com.br\/contato\/","name":"NR1 consultoria | WeConsultHR","isPartOf":{"@id":"https:\/\/weconsulthr.com.br\/#website"},"datePublished":"2025-07-30T13:24:46+00:00","dateModified":"2025-10-17T19:53:26+00:00","description":"Fale conosco e descubra como a WeConsultHR pode apoiar voc\u00ea e sua empresa na gest\u00e3o de pessoas e no desenvolvimento organizacional.","breadcrumb":{"@id":"https:\/\/weconsulthr.com.br\/contato\/#breadcrumb"},"inLanguage":"es","potentialAction":[{"@type":"ReadAction","target":["https:\/\/weconsulthr.com.br\/contato\/"]}]},{"@type":"BreadcrumbList","@id":"https:\/\/weconsulthr.com.br\/contato\/#breadcrumb","itemListElement":[{"@type":"ListItem","position":1,"name":"In\u00edcio","item":"https:\/\/weconsulthr.com.br\/"},{"@type":"ListItem","position":2,"name":"Contato"}]},{"@type":"WebSite","@id":"https:\/\/weconsulthr.com.br\/#website","url":"https:\/\/weconsulthr.com.br\/","name":"WeConsultHR","description":"","potentialAction":[{"@type":"SearchAction","target":{"@type":"EntryPoint","urlTemplate":"https:\/\/weconsulthr.com.br\/?s={search_term_string}"},"query-input":{"@type":"PropertyValueSpecification","valueRequired":true,"valueName":"search_term_string"}}],"inLanguage":"es"}]}},"_links":{"self":[{"href":"https:\/\/weconsulthr.com.br\/es\/wp-json\/wp\/v2\/pages\/326","targetHints":{"allow":["GET"]}}],"collection":[{"href":"https:\/\/weconsulthr.com.br\/es\/wp-json\/wp\/v2\/pages"}],"about":[{"href":"https:\/\/weconsulthr.com.br\/es\/wp-json\/wp\/v2\/types\/page"}],"author":[{"embeddable":true,"href":"https:\/\/weconsulthr.com.br\/es\/wp-json\/wp\/v2\/users\/4007"}],"replies":[{"embeddable":true,"href":"https:\/\/weconsulthr.com.br\/es\/wp-json\/wp\/v2\/comments?post=326"}],"version-history":[{"count":122,"href":"https:\/\/weconsulthr.com.br\/es\/wp-json\/wp\/v2\/pages\/326\/revisions"}],"predecessor-version":[{"id":2600,"href":"https:\/\/weconsulthr.com.br\/es\/wp-json\/wp\/v2\/pages\/326\/revisions\/2600"}],"wp:attachment":[{"href":"https:\/\/weconsulthr.com.br\/es\/wp-json\/wp\/v2\/media?parent=326"}],"curies":[{"name":"wp","href":"https:\/\/api.w.org\/{rel}","templated":true}]}}